{"id":2008,"date":"2019-08-20T14:41:26","date_gmt":"2019-08-20T14:41:26","guid":{"rendered":"https:\/\/quepocamadre.com\/?page_id=2008"},"modified":"2019-08-21T14:05:27","modified_gmt":"2019-08-21T14:05:27","slug":"disclaimer","status":"publish","type":"page","link":"https:\/\/quepocamadre.com\/?page_id=2008","title":{"rendered":"Disclaimer"},"content":{"rendered":"<p style=\"text-align: left;\"><span style=\"font-family: georgia, palatino, serif;\"><strong>Que Poca Madre<\/strong> somos un medio digital e impreso validado y registrado en todo el territorio mexicano, as\u00ed como tambi\u00e9n somos una comunidad de hombres y mujeres que al d\u00eda de hoy no s\u00f3lo estamos dedicados, sino tambi\u00e9n comprometidos al fomento, atenci\u00f3n y difusi\u00f3n de la denuncia ciudadana, <strong>respetando el anonimato del denunciante cuando as\u00ed se requiere.<\/strong><\/span><\/p>\n<p style=\"text-align: left;\"><span style=\"font-family: georgia, palatino, serif;\">Los art\u00edculos expuestos en este sitio web provienen \u2013en su gran mayor\u00eda- de<strong> denuncias ciudadanas<\/strong>, siempre teniendo como objetivo apoyar a la ciudadan\u00eda y<strong> difundir su palabra.<\/strong><\/span><\/p>\n<p style=\"text-align: left;\"><span style=\"font-family: georgia, palatino, serif;\"><strong>Que Poca Madre<\/strong> no favorece a ning\u00fan Partido Pol\u00edtico\/Secta\/Religi\u00f3n\/Organizaci\u00f3n o Instituci\u00f3n alguna. Nuestra meta m\u00e1s ambiciosa es <strong>mejorar nuestro entorno<\/strong> y ayudar a mejorar otros entornos a trav\u00e9s de la denuncia, teniendo como eje rector la imparcialidad, la verdad y la firme convicci\u00f3n de que <strong>la uni\u00f3n, hace la fuerza<\/strong>, incluso cuando han intentado intimidarnos.<\/span><\/p>\n<p style=\"text-align: left;\"><span style=\"font-family: georgia, palatino, serif;\"><strong>Que Poca Madre<\/strong> no busca intervenir en controversias ni mucho menos provocarlas. Creemos que el di\u00e1logo y la ley son las mejores alternativas. <strong>En caso de derechos de r\u00e9plica, nuestra posici\u00f3n como comunicadores deber\u00e1 ser respetada.<\/strong><\/span><\/p>\n<p style=\"text-align: left;\"><span style=\"font-family: georgia, palatino, serif;\">En <strong>Que Poca Madre reprobamos categ\u00f3ricamente el levantamiento de falsos<\/strong>, por ello mismo solicitamos siempre evidencia que respalde lo que se expone, siendo el <strong>primer responsable<\/strong> aqu\u00e9l que denuncia.<strong> Que Poca Madre<\/strong> somos un <strong>medio de comunicaci\u00f3n<\/strong>, no un intermediario. Las partes involucradas son libres de resolver sus diferencias <strong>privadamente<\/strong> por los medios que mejor convengan.<\/span><\/p>\n","protected":false},"excerpt":{"rendered":"<p>Que Poca Madre somos un medio digital e impreso validado y registrado en todo el territorio mexicano, as\u00ed como tambi\u00e9n somos una comunidad de hombres y mujeres que al d\u00eda de hoy no s\u00f3lo estamos dedicados, sino tambi\u00e9n comprometidos al fomento, atenci\u00f3n y difusi\u00f3n de la denuncia ciudadana, respetando el anonimato del denunciante cuando as\u00ed [&hellip;]<\/p>\n","protected":false},"author":1,"featured_media":0,"parent":0,"menu_order":0,"comment_status":"closed","ping_status":"closed","template":"","meta":{"footnotes":""},"class_list":["post-2008","page","type-page","status-publish","hentry"],"_links":{"self":[{"href":"https:\/\/quepocamadre.com\/index.php?rest_route=\/wp\/v2\/pages\/2008","targetHints":{"allow":["GET"]}}],"collection":[{"href":"https:\/\/quepocamadre.com\/index.php?rest_route=\/wp\/v2\/pages"}],"about":[{"href":"https:\/\/quepocamadre.com\/index.php?rest_route=\/wp\/v2\/types\/page"}],"author":[{"embeddable":true,"href":"https:\/\/quepocamadre.com\/index.php?rest_route=\/wp\/v2\/users\/1"}],"replies":[{"embeddable":true,"href":"https:\/\/quepocamadre.com\/index.php?rest_route=%2Fwp%2Fv2%2Fcomments&post=2008"}],"version-history":[{"count":3,"href":"https:\/\/quepocamadre.com\/index.php?rest_route=\/wp\/v2\/pages\/2008\/revisions"}],"predecessor-version":[{"id":2171,"href":"https:\/\/quepocamadre.com\/index.php?rest_route=\/wp\/v2\/pages\/2008\/revisions\/2171"}],"wp:attachment":[{"href":"https:\/\/quepocamadre.com\/index.php?rest_route=%2Fwp%2Fv2%2Fmedia&parent=2008"}],"curies":[{"name":"wp","href":"https:\/\/api.w.org\/{rel}","templated":true}]}}